{"id":45,"date":"2015-02-01T15:13:29","date_gmt":"2015-02-01T15:13:29","guid":{"rendered":"http:\/\/blagnac.scrabble-midipy.fr\/?page_id=45"},"modified":"2025-09-13T16:34:27","modified_gmt":"2025-09-13T16:34:27","slug":"actualites","status":"publish","type":"page","link":"https:\/\/blagnac.scrabblepaysdoc.fr\/?page_id=45","title":{"rendered":"Actualit\u00e9s"},"content":{"rendered":"<div><span style=\"color: #000000;\">Ci-dessous les derni\u00e8res actualit\u00e9s concernant le club de scrabble de Blagnac :<\/span><\/div>\n<div><a href=\"http:\/\/blagnac.scrabble-midipy.fr\/wp-content\/uploads\/2015\/02\/blagnac_club3.jpg\"><img loading=\"lazy\" decoding=\"async\" class=\" size-medium wp-image-65 aligncenter\" src=\"http:\/\/blagnac.scrabble-midipy.fr\/wp-content\/uploads\/2015\/02\/blagnac_club3-300x153.jpg\" alt=\"blagnac_club3\" width=\"300\" height=\"153\" srcset=\"https:\/\/blagnac.scrabblepaysdoc.fr\/wp-content\/uploads\/2015\/02\/blagnac_club3-300x153.jpg 300w, https:\/\/blagnac.scrabblepaysdoc.fr\/wp-content\/uploads\/2015\/02\/blagnac_club3-2x1.jpg 2w, https:\/\/blagnac.scrabblepaysdoc.fr\/wp-content\/uploads\/2015\/02\/blagnac_club3.jpg 314w\" sizes=\"auto, (max-width: 300px) 100vw, 300px\" \/><\/a><\/div>\n<div>Naissances :<\/div>\n<div><a href=\"http:\/\/blagnac.scrabblepaysdoc.fr\/wp-content\/uploads\/2021\/10\/20211016_155034-scaled.jpg\"><img loading=\"lazy\" decoding=\"async\" class=\"aligncenter size-medium wp-image-326\" src=\"http:\/\/blagnac.scrabblepaysdoc.fr\/wp-content\/uploads\/2021\/10\/20211016_155034-225x300.jpg\" alt=\"\" width=\"225\" height=\"300\" srcset=\"https:\/\/blagnac.scrabblepaysdoc.fr\/wp-content\/uploads\/2021\/10\/20211016_155034-225x300.jpg 225w, https:\/\/blagnac.scrabblepaysdoc.fr\/wp-content\/uploads\/2021\/10\/20211016_155034-768x1024.jpg 768w, https:\/\/blagnac.scrabblepaysdoc.fr\/wp-content\/uploads\/2021\/10\/20211016_155034-1152x1536.jpg 1152w, https:\/\/blagnac.scrabblepaysdoc.fr\/wp-content\/uploads\/2021\/10\/20211016_155034-1536x2048.jpg 1536w, https:\/\/blagnac.scrabblepaysdoc.fr\/wp-content\/uploads\/2021\/10\/20211016_155034-1x1.jpg 1w, https:\/\/blagnac.scrabblepaysdoc.fr\/wp-content\/uploads\/2021\/10\/20211016_155034-scaled.jpg 1920w\" sizes=\"auto, (max-width: 225px) 100vw, 225px\" \/><\/a><\/div>\n<div style=\"text-align: center;\">chez Caroline Sitbon<\/div>\n<div><\/div>\n<div><a href=\"http:\/\/blagnac.scrabblepaysdoc.fr\/wp-content\/uploads\/2021\/11\/Corentin_Nabat-scaled.jpeg\"><img loading=\"lazy\" decoding=\"async\" class=\"aligncenter size-medium wp-image-329\" src=\"http:\/\/blagnac.scrabblepaysdoc.fr\/wp-content\/uploads\/2021\/11\/Corentin_Nabat-300x225.jpeg\" alt=\"Corentin\" width=\"300\" height=\"225\" srcset=\"https:\/\/blagnac.scrabblepaysdoc.fr\/wp-content\/uploads\/2021\/11\/Corentin_Nabat-300x225.jpeg 300w, https:\/\/blagnac.scrabblepaysdoc.fr\/wp-content\/uploads\/2021\/11\/Corentin_Nabat-1024x768.jpeg 1024w, https:\/\/blagnac.scrabblepaysdoc.fr\/wp-content\/uploads\/2021\/11\/Corentin_Nabat-768x576.jpeg 768w, https:\/\/blagnac.scrabblepaysdoc.fr\/wp-content\/uploads\/2021\/11\/Corentin_Nabat-1536x1152.jpeg 1536w, https:\/\/blagnac.scrabblepaysdoc.fr\/wp-content\/uploads\/2021\/11\/Corentin_Nabat-2048x1536.jpeg 2048w, https:\/\/blagnac.scrabblepaysdoc.fr\/wp-content\/uploads\/2021\/11\/Corentin_Nabat-1x1.jpeg 1w\" sizes=\"auto, (max-width: 300px) 100vw, 300px\" \/><\/a><\/div>\n<div style=\"text-align: center;\">et chez Ga\u00eblle et Pierre Nabat<\/div>\n<div><\/div>\n<div><span style=\"color: #000000;\">&#8211; <span style=\"text-decoration: underline;\"><a href=\"http:\/\/blagnac.scrabblepaysdoc.fr\/?p=315\">Claire et Marie-Pierre championnes d\u00e9partementales<\/a><\/span><\/span><\/div>\n<div><span style=\"color: #000000;\">&#8211; <span style=\"text-decoration: underline;\"><a style=\"color: #000000; text-decoration: underline;\" href=\"http:\/\/blagnac.scrabblepaysdoc.fr\/?p=260\">Un titre de champion de France \u00e0 Blagnac<\/a><\/span><\/span><\/div>\n<div>&#8211; <span style=\"text-decoration: underline; color: #000000;\"><a style=\"color: #000000; text-decoration: underline;\" href=\"http:\/\/blagnac.scrabblepaysdoc.fr\/?p=267\">4 Blagnacais champions en paires<\/a><\/span><\/div>\n<div><span style=\"color: #000000;\">&#8211;<\/span> <span style=\"text-decoration: underline;\"><span style=\"color: #000000; text-decoration: underline;\"><a style=\"color: #000000; text-decoration: underline;\" href=\"http:\/\/blagnac.scrabble-midipy.fr\/?p=219\">Phase 3 : Pierre qualifi\u00e9 pour Vichy<\/a><\/span><\/span><\/div>\n<div><span style=\"color: #000000;\">&#8211; <span style=\"text-decoration: underline;\"><a style=\"color: #000000; text-decoration: underline;\" href=\"http:\/\/blagnac.scrabble-midipy.fr\/?p=205\">Phase 2 2015 : 3 blagnacaises qualifi\u00e9es<\/a><\/span><\/span><\/div>\n<div><span style=\"color: #000000;\">&#8211;<\/span> <span style=\"text-decoration: underline; color: #000000;\"><a style=\"text-decoration: underline; color: #000000;\" href=\"http:\/\/blagnac.scrabble-midipy.fr\/?p=180\">Phase 1 2015: 4 blagnacais qualifi\u00e9s<\/a><\/span><\/div>\n<div><span style=\"color: #000000;\">&#8211; <a style=\"color: #000000; text-decoration: underline;\" href=\"http:\/\/com.scrabblefisf.com\/?p=449\">Blagnac repr\u00e9sent\u00e9 au championnat du monde !<\/a><\/span><\/div>\n<div><span style=\"color: #000000;\">&#8211; <a style=\"color: #000000; text-decoration: underline;\" href=\"http:\/\/blagnac.scrabble-midipy.fr\/?p=114\">Un trio de blagnacais au championnat de France classique<\/a><br \/>\n<\/span><\/div>\n<div><span style=\"color: #000000;\">&#8211; <a style=\"color: #000000; text-decoration: underline;\" href=\"http:\/\/blagnac.scrabble-midipy.fr\/?page_id=37\">Blagnac Champion interclubs classique r\u00e9gional 2015 !<\/a><\/span><\/div>\n<div><span style=\"color: #000000;\">&#8211; <a style=\"color: #000000; text-decoration: underline;\" href=\"http:\/\/blagnac.scrabble-midipy.fr\/?p=48\">Bilan de la phase 3<\/a><a style=\"color: #000000; text-decoration: underline;\" href=\"http:\/\/blagnac.scrabble-midipy.fr\/?p=61\"> (2014-2015)<\/a><\/span><\/div>\n<div><span style=\"color: #000000;\">&#8211; <a style=\"color: #000000; text-decoration: underline;\" href=\"http:\/\/blagnac.scrabble-midipy.fr\/?p=59\">Bilan de la phase 2<\/a><a style=\"color: #000000; text-decoration: underline;\" href=\"http:\/\/blagnac.scrabble-midipy.fr\/?p=61\"> (2014-2015)<\/a><\/span><\/div>\n<div><span style=\"color: #000000;\">&#8211; <a style=\"color: #000000; text-decoration: underline;\" href=\"http:\/\/blagnac.scrabble-midipy.fr\/?p=61\">Bilan de la phase 1 (2014-2015)<\/a><\/span><\/div>\n","protected":false},"excerpt":{"rendered":"<p>Ci-dessous les derni\u00e8res actualit\u00e9s concernant le club de scrabble de Blagnac : Naissances : chez Caroline Sitbon et chez Ga\u00eblle et Pierre Nabat &#8211; Claire et Marie-Pierre championnes d\u00e9partementales &#8211; Un titre de champion de France \u00e0 Blagnac &#8211; 4 Blagnacais champions en paires &#8211; Phase 3 : Pierre qualifi\u00e9 pour Vichy &#8211; Phase 2 [&hellip;]<\/p>\n","protected":false},"author":1,"featured_media":0,"parent":0,"menu_order":0,"comment_status":"open","ping_status":"open","template":"","meta":{"footnotes":""},"class_list":["post-45","page","type-page","status-publish","hentry"],"_links":{"self":[{"href":"https:\/\/blagnac.scrabblepaysdoc.fr\/index.php?rest_route=\/wp\/v2\/pages\/45","targetHints":{"allow":["GET"]}}],"collection":[{"href":"https:\/\/blagnac.scrabblepaysdoc.fr\/index.php?rest_route=\/wp\/v2\/pages"}],"about":[{"href":"https:\/\/blagnac.scrabblepaysdoc.fr\/index.php?rest_route=\/wp\/v2\/types\/page"}],"author":[{"embeddable":true,"href":"https:\/\/blagnac.scrabblepaysdoc.fr\/index.php?rest_route=\/wp\/v2\/users\/1"}],"replies":[{"embeddable":true,"href":"https:\/\/blagnac.scrabblepaysdoc.fr\/index.php?rest_route=%2Fwp%2Fv2%2Fcomments&post=45"}],"version-history":[{"count":40,"href":"https:\/\/blagnac.scrabblepaysdoc.fr\/index.php?rest_route=\/wp\/v2\/pages\/45\/revisions"}],"predecessor-version":[{"id":395,"href":"https:\/\/blagnac.scrabblepaysdoc.fr\/index.php?rest_route=\/wp\/v2\/pages\/45\/revisions\/395"}],"wp:attachment":[{"href":"https:\/\/blagnac.scrabblepaysdoc.fr\/index.php?rest_route=%2Fwp%2Fv2%2Fmedia&parent=45"}],"curies":[{"name":"wp","href":"https:\/\/api.w.org\/{rel}","templated":true}]}}