{"id":436,"date":"2026-04-11T17:00:27","date_gmt":"2026-04-11T17:00:27","guid":{"rendered":"https:\/\/blagnac.scrabblepaysdoc.fr\/?page_id=436"},"modified":"2026-04-12T15:48:35","modified_gmt":"2026-04-12T15:48:35","slug":"nous-revoila","status":"publish","type":"page","link":"https:\/\/blagnac.scrabblepaysdoc.fr\/?page_id=436","title":{"rendered":"NOUS REVOILA"},"content":{"rendered":"\n<p>Bonjour \u00e0 tous,<\/p>\n<p>Apr\u00e8s quelques ann\u00e9es en sommeil, le club de Blagnac va de nouveau communiquer<\/p>\n<p>Manifestations, comp\u00e9titions, nouveaux venus&#8230;.<\/p>\n<p>Que s&rsquo;est il pass\u00e9 en ce d\u00e9but d&rsquo;ann\u00e9e 2026<\/p>\n<p>Tout d&rsquo;abord Andr\u00e9e, membre \u00e9m\u00e9rite du club f\u00eate ses 98 ans<\/p>\n\n\n\n<p style=\"text-align: center;\"><a href=\"http:\/\/blagnac.scrabblepaysdoc.fr\/wp-content\/uploads\/2026\/03\/IMG_20260128_1304133892.jpg\"><img loading=\"lazy\" decoding=\"async\" class=\"alignnone size-medium wp-image-416\" src=\"http:\/\/blagnac.scrabblepaysdoc.fr\/wp-content\/uploads\/2026\/03\/IMG_20260128_1304133892-225x300.jpg\" alt=\"\" width=\"225\" height=\"300\" srcset=\"https:\/\/blagnac.scrabblepaysdoc.fr\/wp-content\/uploads\/2026\/03\/IMG_20260128_1304133892-225x300.jpg 225w, https:\/\/blagnac.scrabblepaysdoc.fr\/wp-content\/uploads\/2026\/03\/IMG_20260128_1304133892-96x128.jpg 96w, https:\/\/blagnac.scrabblepaysdoc.fr\/wp-content\/uploads\/2026\/03\/IMG_20260128_1304133892-24x32.jpg 24w, https:\/\/blagnac.scrabblepaysdoc.fr\/wp-content\/uploads\/2026\/03\/IMG_20260128_1304133892-1x1.jpg 1w, https:\/\/blagnac.scrabblepaysdoc.fr\/wp-content\/uploads\/2026\/03\/IMG_20260128_1304133892.jpg 744w\" sizes=\"auto, (max-width: 225px) 100vw, 225px\" \/><\/a><\/p>\n\n\n\n<p>Au mois de f\u00e9vrier nous organisons une comp\u00e9tition en classique, et il y a du monde<\/p>\n<p style=\"text-align: center;\"><a href=\"http:\/\/blagnac.scrabblepaysdoc.fr\/wp-content\/uploads\/2026\/03\/IMG_20260207_153531816.jpg\"><img loading=\"lazy\" decoding=\"async\" class=\"alignnone size-medium wp-image-417\" src=\"http:\/\/blagnac.scrabblepaysdoc.fr\/wp-content\/uploads\/2026\/03\/IMG_20260207_153531816-225x300.jpg\" alt=\"\" width=\"225\" height=\"300\" srcset=\"https:\/\/blagnac.scrabblepaysdoc.fr\/wp-content\/uploads\/2026\/03\/IMG_20260207_153531816-225x300.jpg 225w, https:\/\/blagnac.scrabblepaysdoc.fr\/wp-content\/uploads\/2026\/03\/IMG_20260207_153531816-96x128.jpg 96w, https:\/\/blagnac.scrabblepaysdoc.fr\/wp-content\/uploads\/2026\/03\/IMG_20260207_153531816-24x32.jpg 24w, https:\/\/blagnac.scrabblepaysdoc.fr\/wp-content\/uploads\/2026\/03\/IMG_20260207_153531816-1x1.jpg 1w, https:\/\/blagnac.scrabblepaysdoc.fr\/wp-content\/uploads\/2026\/03\/IMG_20260207_153531816.jpg 744w\" sizes=\"auto, (max-width: 225px) 100vw, 225px\" \/><\/a><\/p>\n\n\n\n<p><strong>Mars 2026 nous participons \u00e0 Blagnac joue<\/strong><\/p>\n<p><strong><br \/><a href=\"http:\/\/blagnac.scrabblepaysdoc.fr\/wp-content\/uploads\/2026\/04\/IMG_20260307_110601765.jpg\"><img loading=\"lazy\" decoding=\"async\" class=\"size-medium wp-image-442 aligncenter\" src=\"http:\/\/blagnac.scrabblepaysdoc.fr\/wp-content\/uploads\/2026\/04\/IMG_20260307_110601765-225x300.jpg\" alt=\"\" width=\"225\" height=\"300\" srcset=\"https:\/\/blagnac.scrabblepaysdoc.fr\/wp-content\/uploads\/2026\/04\/IMG_20260307_110601765-225x300.jpg 225w, https:\/\/blagnac.scrabblepaysdoc.fr\/wp-content\/uploads\/2026\/04\/IMG_20260307_110601765-96x128.jpg 96w, https:\/\/blagnac.scrabblepaysdoc.fr\/wp-content\/uploads\/2026\/04\/IMG_20260307_110601765-24x32.jpg 24w, https:\/\/blagnac.scrabblepaysdoc.fr\/wp-content\/uploads\/2026\/04\/IMG_20260307_110601765-1x1.jpg 1w, https:\/\/blagnac.scrabblepaysdoc.fr\/wp-content\/uploads\/2026\/04\/IMG_20260307_110601765.jpg 744w\" sizes=\"auto, (max-width: 225px) 100vw, 225px\" \/><\/a><br \/><\/strong><\/p>\n<p>Mais faisons un petit retour en arri\u00e8re<\/p>\n<p><strong>2025 nous sommes pr\u00e9sents \u00e0 l&rsquo;alchimie du jeu<\/strong><\/p>\n\n\n\n<p><a href=\"http:\/\/blagnac.scrabblepaysdoc.fr\/wp-content\/uploads\/2025\/09\/IMG_20250510_145148357.jpg\"><img loading=\"lazy\" decoding=\"async\" class=\"size-medium wp-image-402 aligncenter\" src=\"http:\/\/blagnac.scrabblepaysdoc.fr\/wp-content\/uploads\/2025\/09\/IMG_20250510_145148357-225x300.jpg\" alt=\"\" width=\"225\" height=\"300\" srcset=\"https:\/\/blagnac.scrabblepaysdoc.fr\/wp-content\/uploads\/2025\/09\/IMG_20250510_145148357-225x300.jpg 225w, https:\/\/blagnac.scrabblepaysdoc.fr\/wp-content\/uploads\/2025\/09\/IMG_20250510_145148357-96x128.jpg 96w, https:\/\/blagnac.scrabblepaysdoc.fr\/wp-content\/uploads\/2025\/09\/IMG_20250510_145148357-24x32.jpg 24w, https:\/\/blagnac.scrabblepaysdoc.fr\/wp-content\/uploads\/2025\/09\/IMG_20250510_145148357-1x1.jpg 1w, https:\/\/blagnac.scrabblepaysdoc.fr\/wp-content\/uploads\/2025\/09\/IMG_20250510_145148357.jpg 744w\" sizes=\"auto, (max-width: 225px) 100vw, 225px\" \/><\/a><\/p>\n\n\n\n<p>Un groupe de jeunes s&rsquo;installe, et la partie devient passionnante<\/p>\n<p>\u00a0<\/p>\n","protected":false},"excerpt":{"rendered":"<p>Bonjour \u00e0 tous, Apr\u00e8s quelques ann\u00e9es en sommeil, le club de Blagnac va de nouveau communiquer Manifestations, comp\u00e9titions, nouveaux venus&#8230;. Que s&rsquo;est il pass\u00e9 en ce d\u00e9but d&rsquo;ann\u00e9e 2026 Tout d&rsquo;abord Andr\u00e9e, membre \u00e9m\u00e9rite du club f\u00eate ses 98 ans Au mois de f\u00e9vrier nous organisons une comp\u00e9tition en classique, et il y a du [&hellip;]<\/p>\n","protected":false},"author":5,"featured_media":0,"parent":0,"menu_order":0,"comment_status":"closed","ping_status":"closed","template":"","meta":{"footnotes":""},"class_list":["post-436","page","type-page","status-publish","hentry"],"_links":{"self":[{"href":"https:\/\/blagnac.scrabblepaysdoc.fr\/index.php?rest_route=\/wp\/v2\/pages\/436","targetHints":{"allow":["GET"]}}],"collection":[{"href":"https:\/\/blagnac.scrabblepaysdoc.fr\/index.php?rest_route=\/wp\/v2\/pages"}],"about":[{"href":"https:\/\/blagnac.scrabblepaysdoc.fr\/index.php?rest_route=\/wp\/v2\/types\/page"}],"author":[{"embeddable":true,"href":"https:\/\/blagnac.scrabblepaysdoc.fr\/index.php?rest_route=\/wp\/v2\/users\/5"}],"replies":[{"embeddable":true,"href":"https:\/\/blagnac.scrabblepaysdoc.fr\/index.php?rest_route=%2Fwp%2Fv2%2Fcomments&post=436"}],"version-history":[{"count":4,"href":"https:\/\/blagnac.scrabblepaysdoc.fr\/index.php?rest_route=\/wp\/v2\/pages\/436\/revisions"}],"predecessor-version":[{"id":445,"href":"https:\/\/blagnac.scrabblepaysdoc.fr\/index.php?rest_route=\/wp\/v2\/pages\/436\/revisions\/445"}],"wp:attachment":[{"href":"https:\/\/blagnac.scrabblepaysdoc.fr\/index.php?rest_route=%2Fwp%2Fv2%2Fmedia&parent=436"}],"curies":[{"name":"wp","href":"https:\/\/api.w.org\/{rel}","templated":true}]}}