{"id":37,"date":"2015-02-01T14:40:23","date_gmt":"2015-02-01T14:40:23","guid":{"rendered":"http:\/\/blagnac.scrabble-midipy.fr\/?page_id=37"},"modified":"2018-06-02T11:24:07","modified_gmt":"2018-06-02T11:24:07","slug":"interclubs-classique","status":"publish","type":"page","link":"https:\/\/blagnac.scrabblepaysdoc.fr\/?page_id=37","title":{"rendered":"Interclubs classique"},"content":{"rendered":"<p><span style=\"color: #000000;\"><strong><em>2018 :<\/em><\/strong><\/span><\/p>\n<p><span style=\"color: #000000;\">Cette ann\u00e9e une seule \u00e9quipe de Blagnac a particip\u00e9 \u00e0 la finale r\u00e9gionale des interclubs classique organis\u00e9e le samedi 20 janvier \u00e0 Tournefeuille. Avec 1 victoire en 5 matches, elle termine \u00e0 la 5\u00e8me place.<br \/>\n<\/span><\/p>\n<div><span style=\"color: #000000;\">Le classement final :<\/span><\/div>\n<div><span style=\"color: #000000;\">1 &#8211; Lardenne 1<\/span><\/div>\n<div><span style=\"color: #000000;\">2 &#8211; Tournefeuille<\/span><\/div>\n<div><span style=\"color: #000000;\">3 &#8211; Lardenne 2<\/span><\/div>\n<div><span style=\"color: #000000;\">4 &#8211; Saint-Gaudens<\/span><\/div>\n<div><span style=\"color: #000000;\"><strong>5 &#8211; Blagnac<\/strong> (Guy Barbaray, Yves Cayrou et Pierrette Viadieu)<\/span><\/div>\n<div><span style=\"color: #000000;\">6 &#8211; Samatan<\/span><\/div>\n<p>&nbsp;<\/p>\n<p><span style=\"color: #000000;\"><strong><em>2017 :<\/em><\/strong><\/span><\/p>\n<p><span style=\"color: #000000;\">Blagnac a remis en jeu son titre r\u00e9gional acquis deux ans plus t\u00f4t, en pr\u00e9sentant deux \u00e9quipes de trois joueurs dans un tournoi constitu\u00e9 de huit \u00e9quipes r\u00e9parties en deux poules. Malheureusement, aucune des deux \u00e9quipes engag\u00e9es n&rsquo;a pu se qualifier pour les demi-finales ! Rendez-vous en 2018 pour la revanche.<br \/>\n<\/span><\/p>\n<p><span style=\"color: #000000;\">Le classement final :<\/span><\/p>\n<div><span style=\"color: #000000;\">1 &#8211; Tournefeuille 2<\/span><\/div>\n<div><span style=\"color: #000000;\">2 &#8211; Toulouse Lardenne<\/span><\/div>\n<div><span style=\"color: #000000;\">3 &#8211; Tournefeuille 1<\/span><\/div>\n<div><span style=\"color: #000000;\">4 &#8211; Saint-Sulpice<\/span><\/div>\n<div><span style=\"color: #000000;\"><strong>5 &#8211; Blagnac Caravelle<\/strong> (Pierre Nabat, Eric Ouan\u00e8s et Pierrette Viadieu)<\/span><\/div>\n<div><span style=\"color: #000000;\"><strong>6 &#8211; Blagnac Beluga<\/strong> (Christian Huc, Dolor\u00e8s Huc et Marie-Pierre Rachail)<\/span><\/div>\n<div><span style=\"color: #000000;\">7 &#8211; Tournefeuille 3<br \/>\n<\/span><\/div>\n<div><span style=\"color: #000000;\">8 &#8211; Tournefeuille 4<\/span><\/div>\n<p>&nbsp;<\/p>\n<p><span style=\"color: #000000;\"><strong><em>2016 : Pas de tournoi<\/em><\/strong><\/span><\/p>\n<p><span style=\"color: #000000;\"><strong><em>2015 :<\/em><\/strong><\/span><\/p>\n<p><span style=\"color: #000000;\">Comme l&rsquo;ann\u00e9e pr\u00e9c\u00e9dente, Blagnac a engag\u00e9 2 \u00e9quipes dans ce tournoi r\u00e9gional, et avec cette fois-ci la victoire au bout ! Les joueurs de Blagnac Flamant (Eric Bourriot, Pierre Nabat et Pierrette Viadieu) ont en effet remport\u00e9 le tournoi en gagnant au total 11 des 12 matches disput\u00e9s, et se qualifient ainsi pour la finale nationale !<br \/>\n<\/span><\/p>\n<p><span style=\"color: #000000;\">Le classement final :<\/span><\/p>\n<div><span style=\"color: #000000;\">1 &#8211; <strong>Blagnac Flamant<\/strong> (Eric Bourriot, Pierre Nabat et Pierrette Viadieu)<\/span><\/div>\n<div><span style=\"color: #000000;\">2 &#8211; Castanet<\/span><\/div>\n<div><span style=\"color: #000000;\">3 &#8211; Tournefeuille<\/span><\/div>\n<div><span style=\"color: #000000;\">4 &#8211; <strong>Blagnac Vanneau<\/strong> (Jeanne Beyt, Guy Barbaray et Charlette Vitse)<\/span><\/div>\n<div><span style=\"color: #000000;\">5 &#8211; Saint-Sulpice<\/span><\/div>\n<div><a href=\"http:\/\/blagnac.scrabble-midipy.fr\/wp-content\/uploads\/2015\/01\/interclubs_classique_2015.jpg\"><img loading=\"lazy\" decoding=\"async\" class=\" size-medium wp-image-98 aligncenter\" src=\"http:\/\/blagnac.scrabble-midipy.fr\/wp-content\/uploads\/2015\/01\/interclubs_classique_2015-300x225.jpg\" alt=\"interclubs_classique_2015\" width=\"300\" height=\"225\" srcset=\"https:\/\/blagnac.scrabblepaysdoc.fr\/wp-content\/uploads\/2015\/01\/interclubs_classique_2015-300x225.jpg 300w, https:\/\/blagnac.scrabblepaysdoc.fr\/wp-content\/uploads\/2015\/01\/interclubs_classique_2015-1x1.jpg 1w, https:\/\/blagnac.scrabblepaysdoc.fr\/wp-content\/uploads\/2015\/01\/interclubs_classique_2015.jpg 800w\" sizes=\"auto, (max-width: 300px) 100vw, 300px\" \/><\/a><\/div>\n<div><\/div>\n<div><span style=\"color: #000000;\">La finale nationale s&rsquo;est d\u00e9roul\u00e9e \u00e0 Montrouge le 20 juin 2015, avec une \u00e9quipe de Blagnac compos\u00e9e de M\u00e9lanie Bellus, Eric Bourriot et Pierre Nabat. Apr\u00e8s une premi\u00e8re victoire contre Mainvilliers (2-1, victoires de Pierre et Eric), la route s\u2019est compliqu\u00e9e avec deux d\u00e9faites de justesse contre Fruges (1-2, victoire de Pierre, M\u00e9lanie est pass\u00e9e tout pr\u00e8s, \u00e0 seulement 3 points !) et contre Marseille Joker (1-2, victoire de M\u00e9lanie), suivies d\u2019une d\u00e9route contre Nancy (0-3). La journ\u00e9e s\u2019est termin\u00e9e par une victoire contre X. Au final, Blagnac termine donc <strong>10\u00e8me<\/strong> (sur 11 \u00e9quipes repr\u00e9sent\u00e9es), ce qui permet d\u00e9j\u00e0 de faire mieux que Tournefeuille, 12\u00e8me en 2014 !<br \/>\n<\/span><\/div>\n<p>&nbsp;<\/p>\n<p><span style=\"color: #000000;\"><strong><em>2014 :<\/em><\/strong><\/span><\/p>\n<p><span style=\"color: #000000;\">2 \u00e9quipes engag\u00e9es dans le tournoi r\u00e9gional :<\/span><\/p>\n<div><span style=\"color: #000000;\">\u00a01 &#8211; Tournefeuille Tom<\/span><\/div>\n<div><span style=\"color: #000000;\">\u00a02 &#8211; <strong>Blagnac Go\u00e9land <\/strong>(Eric Bourriot, Pierre Nabat et Pierrette Viadieu)<\/span><\/div>\n<div><span style=\"color: #000000;\">\u00a03 &#8211; Tournefeuille Jerry<\/span><\/div>\n<div><span style=\"color: #000000;\">\u00a04 &#8211; Castanet<\/span><\/div>\n<div><span style=\"color: #000000;\">\u00a05 &#8211; <strong>Blagnac Dauphin <\/strong>(Jeanne Beyt, Guy Barbaray et Nathalie Pendari\u00e8s)<strong><br \/>\n<\/strong><\/span><\/div>\n","protected":false},"excerpt":{"rendered":"<p>2018 : Cette ann\u00e9e une seule \u00e9quipe de Blagnac a particip\u00e9 \u00e0 la finale r\u00e9gionale des interclubs classique organis\u00e9e le samedi 20 janvier \u00e0 Tournefeuille. Avec 1 victoire en 5 matches, elle termine \u00e0 la 5\u00e8me place. Le classement final : 1 &#8211; Lardenne 1 2 &#8211; Tournefeuille 3 &#8211; Lardenne 2 4 &#8211; Saint-Gaudens [&hellip;]<\/p>\n","protected":false},"author":1,"featured_media":0,"parent":29,"menu_order":0,"comment_status":"open","ping_status":"open","template":"","meta":{"footnotes":""},"class_list":["post-37","page","type-page","status-publish","hentry"],"_links":{"self":[{"href":"https:\/\/blagnac.scrabblepaysdoc.fr\/index.php?rest_route=\/wp\/v2\/pages\/37","targetHints":{"allow":["GET"]}}],"collection":[{"href":"https:\/\/blagnac.scrabblepaysdoc.fr\/index.php?rest_route=\/wp\/v2\/pages"}],"about":[{"href":"https:\/\/blagnac.scrabblepaysdoc.fr\/index.php?rest_route=\/wp\/v2\/types\/page"}],"author":[{"embeddable":true,"href":"https:\/\/blagnac.scrabblepaysdoc.fr\/index.php?rest_route=\/wp\/v2\/users\/1"}],"replies":[{"embeddable":true,"href":"https:\/\/blagnac.scrabblepaysdoc.fr\/index.php?rest_route=%2Fwp%2Fv2%2Fcomments&post=37"}],"version-history":[{"count":11,"href":"https:\/\/blagnac.scrabblepaysdoc.fr\/index.php?rest_route=\/wp\/v2\/pages\/37\/revisions"}],"predecessor-version":[{"id":304,"href":"https:\/\/blagnac.scrabblepaysdoc.fr\/index.php?rest_route=\/wp\/v2\/pages\/37\/revisions\/304"}],"up":[{"embeddable":true,"href":"https:\/\/blagnac.scrabblepaysdoc.fr\/index.php?rest_route=\/wp\/v2\/pages\/29"}],"wp:attachment":[{"href":"https:\/\/blagnac.scrabblepaysdoc.fr\/index.php?rest_route=%2Fwp%2Fv2%2Fmedia&parent=37"}],"curies":[{"name":"wp","href":"https:\/\/api.w.org\/{rel}","templated":true}]}}