{"id":2,"date":"2015-01-16T07:04:54","date_gmt":"2015-01-16T07:04:54","guid":{"rendered":"http:\/\/blagnac.scrabble-midipy.fr\/?page_id=2"},"modified":"2022-09-06T14:23:39","modified_gmt":"2022-09-06T14:23:39","slug":"page-d-exemple","status":"publish","type":"page","link":"https:\/\/blagnac.scrabblepaysdoc.fr\/","title":{"rendered":"Accueil"},"content":{"rendered":"<p><span style=\"color: #000000;\"><strong>Bienvenue sur le blog du club de scrabble de Blagnac !<\/strong><\/span><\/p>\n<p><span style=\"color: #000000;\">Retrouvez ici toutes les infos concernant la vie du club :<\/span><\/p>\n<p><span style=\"color: #000000;\">calendrier des manifestations, derniers r\u00e9sultats, planning d&rsquo;arbitrage, &#8230;<\/span><\/p>\n<p><a href=\"http:\/\/blagnac.scrabble-midipy.fr\/wp-content\/uploads\/2015\/02\/blagnac_club.jpg\"><img loading=\"lazy\" decoding=\"async\" class=\" wp-image-5 aligncenter\" src=\"http:\/\/blagnac.scrabble-midipy.fr\/wp-content\/uploads\/2015\/02\/blagnac_club.jpg\" alt=\"blagnac_club\" width=\"319\" height=\"241\" srcset=\"https:\/\/blagnac.scrabblepaysdoc.fr\/wp-content\/uploads\/2015\/02\/blagnac_club.jpg 258w, https:\/\/blagnac.scrabblepaysdoc.fr\/wp-content\/uploads\/2015\/02\/blagnac_club-1x1.jpg 1w\" sizes=\"auto, (max-width: 319px) 100vw, 319px\" \/><\/a><\/p>\n<p><strong>Blagnac joue &#8211; Dimanche 27 mars 2022<\/strong><\/p>\n<table style=\"border-collapse: collapse; width: 100%;\">\n<tbody>\n<tr>\n<td style=\"width: 50%;\"><a href=\"http:\/\/blagnac.scrabblepaysdoc.fr\/wp-content\/uploads\/2022\/09\/Blagnac_Joue_1-scaled.jpeg\"><img loading=\"lazy\" decoding=\"async\" class=\"size-medium wp-image-348 aligncenter\" src=\"http:\/\/blagnac.scrabblepaysdoc.fr\/wp-content\/uploads\/2022\/09\/Blagnac_Joue_1-300x225.jpeg\" alt=\"\" width=\"300\" height=\"225\" srcset=\"https:\/\/blagnac.scrabblepaysdoc.fr\/wp-content\/uploads\/2022\/09\/Blagnac_Joue_1-300x225.jpeg 300w, https:\/\/blagnac.scrabblepaysdoc.fr\/wp-content\/uploads\/2022\/09\/Blagnac_Joue_1-1024x768.jpeg 1024w, https:\/\/blagnac.scrabblepaysdoc.fr\/wp-content\/uploads\/2022\/09\/Blagnac_Joue_1-768x576.jpeg 768w, https:\/\/blagnac.scrabblepaysdoc.fr\/wp-content\/uploads\/2022\/09\/Blagnac_Joue_1-1536x1152.jpeg 1536w, https:\/\/blagnac.scrabblepaysdoc.fr\/wp-content\/uploads\/2022\/09\/Blagnac_Joue_1-2048x1536.jpeg 2048w, https:\/\/blagnac.scrabblepaysdoc.fr\/wp-content\/uploads\/2022\/09\/Blagnac_Joue_1-1x1.jpeg 1w\" sizes=\"auto, (max-width: 300px) 100vw, 300px\" \/><\/a><\/td>\n<td style=\"width: 50%;\"><a href=\"http:\/\/blagnac.scrabblepaysdoc.fr\/wp-content\/uploads\/2022\/09\/Blagnac_Joue_2-scaled.jpeg\"><img loading=\"lazy\" decoding=\"async\" class=\"size-medium wp-image-349 aligncenter\" src=\"http:\/\/blagnac.scrabblepaysdoc.fr\/wp-content\/uploads\/2022\/09\/Blagnac_Joue_2-300x225.jpeg\" alt=\"\" width=\"300\" height=\"225\" srcset=\"https:\/\/blagnac.scrabblepaysdoc.fr\/wp-content\/uploads\/2022\/09\/Blagnac_Joue_2-300x225.jpeg 300w, https:\/\/blagnac.scrabblepaysdoc.fr\/wp-content\/uploads\/2022\/09\/Blagnac_Joue_2-1024x768.jpeg 1024w, https:\/\/blagnac.scrabblepaysdoc.fr\/wp-content\/uploads\/2022\/09\/Blagnac_Joue_2-768x576.jpeg 768w, https:\/\/blagnac.scrabblepaysdoc.fr\/wp-content\/uploads\/2022\/09\/Blagnac_Joue_2-1536x1152.jpeg 1536w, https:\/\/blagnac.scrabblepaysdoc.fr\/wp-content\/uploads\/2022\/09\/Blagnac_Joue_2-2048x1536.jpeg 2048w, https:\/\/blagnac.scrabblepaysdoc.fr\/wp-content\/uploads\/2022\/09\/Blagnac_Joue_2-1x1.jpeg 1w\" sizes=\"auto, (max-width: 300px) 100vw, 300px\" \/><\/a><\/td>\n<\/tr>\n<\/tbody>\n<\/table>\n<p><span style=\"color: #000000;\"><strong>Assembl\u00e9e g\u00e9n\u00e9rale le mercredi 6 juin 2018 \u00e0 18h00<br \/>\n<\/strong><\/span><\/p>\n<p><span style=\"color: #000000;\">Cette ann\u00e9e l&rsquo;assembl\u00e9e g\u00e9n\u00e9rale n&rsquo;aura pas lieu en octobre mais le mercredi 6 juin 2018. Cela permettra de d\u00e9signer un nouveau bureau et un(e) nouveau (nouvelle) responsable de la section scrabble du FJEPS puisque Jeanne a annonc\u00e9 ne plus vouloir continuer la saison prochaine.<\/span><\/p>\n<p><strong><span style=\"color: #000000;\">Pierre champion r\u00e9gional du Pays d&rsquo;Oc<\/span><\/strong><\/p>\n<p><span style=\"color: #000000;\">En ce printemps 2018 avaient lieu les finales r\u00e9gionales duplicate en parties normales (\u00e0 Giroussens) et en parties originales (\u00e0 Pont-les-Bains). Dans les deux cas, Pierre remporte le titre de champion du pays d&rsquo;Oc. C&rsquo;est la quatri\u00e8me fois pour les parties originales, mais la premi\u00e8re pour les parties normales.<\/span><\/p>\n<p><strong><span style=\"color: #000000;\">Open d\u00e9partemental classique \u00e0 Arbas<\/span><\/strong><\/p>\n<p><span style=\"color: #000000;\">Yolande nous a chaleureusement accueilli \u00e0 la mairie d&rsquo;Arbas pour la finale d\u00e9partementale classique ce dimanche 8 avril 2018. Apr\u00e8s un tournoi disput\u00e9, Pierre Nabat remporte le titre de champion de Haute-Garonne, tandis que Marie-Pierre Rachail s&rsquo;impose en s\u00e9rie B.<\/span><\/p>\n<p><span style=\"color: #000000;\"><strong>Claire et Marie-Pierre championnes d\u00e9partementales en paire !<br \/>\n<\/strong><\/span><\/p>\n<p><span style=\"color: #000000;\">On ne change pas les habitudes, une fois de plus, l&rsquo;open r\u00e9gional en paires a souri aux blagnacais. Claire et Marie-Pierre d\u00e9crochent le titre de championnes de Haute-Garonne. <a href=\"http:\/\/blagnac.scrabblepaysdoc.fr\/?p=315\">Plus d&rsquo;informations ici<\/a>.<\/span><\/p>\n<p><strong><span style=\"color: #000000;\">10 ans d\u00e9j\u00e0 !<br \/>\n<\/span><\/strong><\/p>\n<p><span style=\"color: #000000;\">Le samedi 14 octobre nous avons organis\u00e9 la qualifications verdiams comme habituellement depuis plusieurs ann\u00e9es, mais surtout nous avons f\u00eat\u00e9 l&rsquo;anniversaire de Jeanne et celui du club. Il y a 10 ans, Jeanne cr\u00e9ait en effet la section scrabble \u00e0 la FJEPS, et aujourd&rsquo;hui nous sommes une quarantaine d&rsquo;amateurs de mots \u00e0 nous retrouver le mercredi et le jeudi chaque semaine.<br \/>\n<\/span><\/p>\n<p><strong><span style=\"color: #000000;\">Rentr\u00e9e 2017-2018<\/span><\/strong><\/p>\n<p><span style=\"color: #000000;\">Le club de Blagnac a repris ses activit\u00e9s habituelles et vous donne rendez-vous le mercredi soir \u00e0 partir de 20h et le jeudi apr\u00e8s-midi \u00e0 partir de 14h. N&rsquo;oubliez pas non plus l&rsquo;assembl\u00e9e g\u00e9n\u00e9rale le mercredi 11 octobre \u00e0 18h00 et la f\u00eate des 10 ans du club le samedi 14 octobre.<br \/>\n<\/span><\/p>\n<p><strong><span style=\"color: #000000;\">Un titre de champion de France \u00e0 Blagnac !<\/span><\/strong><\/p>\n<p><span style=\"color: #000000;\">Pierre a d\u00e9croch\u00e9 le titre en s\u00e9rie 2 \u00e0 l&rsquo;issue d&rsquo;une comp\u00e9tition acharn\u00e9e \u00e0 La Rochelle durant le week-end de P\u00e2ques ! Les d\u00e9tails dans <span style=\"text-decoration: underline;\"><a style=\"color: #000000; text-decoration: underline;\" href=\"http:\/\/blagnac.scrabblepaysdoc.fr\/?p=260\">cet article<\/a><\/span>.<\/span><\/p>\n<p><a href=\"http:\/\/blagnac.scrabblepaysdoc.fr\/wp-content\/uploads\/2015\/01\/photo_pierre_CDF2017.jpg\"><img loading=\"lazy\" decoding=\"async\" class=\"wp-image-264 aligncenter\" src=\"http:\/\/blagnac.scrabblepaysdoc.fr\/wp-content\/uploads\/2015\/01\/photo_pierre_CDF2017-300x200.jpg\" alt=\"photo_pierre_CDF2017\" width=\"324\" height=\"216\" srcset=\"https:\/\/blagnac.scrabblepaysdoc.fr\/wp-content\/uploads\/2015\/01\/photo_pierre_CDF2017-300x200.jpg 300w, https:\/\/blagnac.scrabblepaysdoc.fr\/wp-content\/uploads\/2015\/01\/photo_pierre_CDF2017-768x512.jpg 768w, https:\/\/blagnac.scrabblepaysdoc.fr\/wp-content\/uploads\/2015\/01\/photo_pierre_CDF2017-2x1.jpg 2w, https:\/\/blagnac.scrabblepaysdoc.fr\/wp-content\/uploads\/2015\/01\/photo_pierre_CDF2017.jpg 960w\" sizes=\"auto, (max-width: 324px) 100vw, 324px\" \/><\/a><\/p>\n<p><strong><span style=\"color: #000000;\">Interclubs : pas de qualification cette ann\u00e9e<br \/>\n<\/span><\/strong><\/p>\n<p><span style=\"color: #000000;\">En duplicate et en classique, Blagnac a \u00e9t\u00e9 repr\u00e9sent\u00e9 par deux \u00e9quipes aux qualifications r\u00e9gionales. Mais que ce soit \u00e0 Lombez pour le duplicate, ou \u00e0 Tournefeuille pour le classique, les \u00e9quipes engag\u00e9es devront se contenter des places d&rsquo;honneur ! (voir la page Interclubs pour le d\u00e9tail)<\/span><\/p>\n<p><strong><span style=\"color: #000000;\">4 Blagnacais champions en paires !<\/span><\/strong><\/p>\n<p><span style=\"color: #000000;\">Dolor\u00e8s, Christian, Fabienne et Pierre ont chacun remport\u00e9 un titre lors du championnat r\u00e9gional en paires le 5 f\u00e9vrier 2017. Tous les d\u00e9tails sont dans <span style=\"text-decoration: underline;\"><a style=\"color: #000000; text-decoration: underline;\" href=\"http:\/\/blagnac.scrabblepaysdoc.fr\/?p=267\">cet article<\/a><\/span>.<\/span><\/p>\n<p><span style=\"color: #000000;\"><strong>Nouvelle saison 2016\/2017 !<\/strong><\/span><\/p>\n<p><span style=\"color: #000000;\">Nous vous accueillons avec plaisir comme l&rsquo;ann\u00e9e derni\u00e8re le mercredi soir \u00e0 partir de 20h15, et le jeudi apr\u00e8s-midi \u00e0 partir de 14h00. Consultez le planning pour avoir plus d&rsquo;informations sur les diff\u00e9rentes s\u00e9ances.<\/span><\/p>\n<p><span style=\"color: #000000;\"><strong>Championnat de France classique :<\/strong><\/span><\/p>\n<p><span style=\"color: #000000;\">Cette ann\u00e9e les scrabbleurs avaient la chance de pouvoir disputer le championnat de France classique \u00e0 domicile, en plein coeur de Toulouse. Cinq blagnacais y ont particip\u00e9 : Pierre Nabat (10\u00e8me), Christian Huc (53\u00e8me), Yves Cayrou (77\u00e8me), Dolor\u00e8s Huc (80\u00e8me) et Charlette Vitse (96\u00e8me). A noter que Pierre remporte ainsi le titre de \u00ab\u00a0<strong>joueur de l&rsquo;ann\u00e9e<\/strong>\u00ab\u00a0, qui correspond \u00e0 sa premi\u00e8re place obtenue sur l&rsquo;ensemble de la saison sur le classement de la s\u00e9lection nationale pour les championnats du monde.<\/span><\/p>\n<p><span style=\"color: #000000;\"><strong>Qualification interclubs :<\/strong><\/span><\/p>\n<p><span style=\"color: #000000;\">Deux \u00e9quipes de Blagnac ont particip\u00e9 \u00e0 la phase qualificative \u00e0 Plaisance-du-Touch. Plus d&rsquo;informations sur <a style=\"color: #000000;\" href=\"http:\/\/blagnac.scrabble-midipy.fr\/?page_id=31\">la page interclubs<\/a>.<\/span><\/p>\n<p><span style=\"color: #000000;\"><strong>Classique : Pierrette Viadieu remporte son premier tournoi<\/strong><\/span><\/p>\n<p><span style=\"color: #000000;\">Ce vendredi 11 mars 2016,&nbsp; Pierrette Viadieu a remport\u00e9 le tournoi classique de Lardenne ! La joueuse de Blagnac, s\u00e9rie B au d\u00e9but du tournoi, a encha\u00een\u00e9 5 victoires cons\u00e9cutives dont les trois derni\u00e8res contre des joueurs joker (Jean-Pierre Cheirezy, Alain Luchetta et Monique Dulondel) ! Cela r\u00e9compense la pers\u00e9v\u00e9rance d\u2019une joueuse parmi les plus assidues aux tournois classique. Elle passe ainsi en s\u00e9rie A, et nul doute qu\u2019elle continuera \u00e0 progresser au classement dans les prochaines semaines.<\/span><\/p>\n<p><strong><span style=\"color: #000000;\">Open r\u00e9gional en paires : Dolor\u00e8s et Christian Huc premiers s\u00e9ries 6 !<\/span><\/strong><\/p>\n<p><span style=\"color: #000000;\">F\u00e9licitations \u00e0 Dolor\u00e8s et Christian qui remportent le titre r\u00e9gional en s\u00e9rie 6, \u00e0 l&rsquo;issue des trois parties en paires disput\u00e9es le dimanche 7 f\u00e9vrier (ils se classent 53\u00e8me au total). Ils recevront leur lot lors du festival du Tarn en avril prochain. En ce qui concerne les autres blagnacais, Pierre (associ\u00e9 \u00e0 Pierre Salvati) termine 5\u00e8me (la premi\u00e8re partie leur aura \u00e9t\u00e9 fatale), Fabienne et Claire 28\u00e8me, Charlette (avec Catherine Willaumez) 52\u00e8me, Jeanne (avec Michel Guillaume) 58\u00e8me, Danielle et Andr\u00e9e 60\u00e8me, Claudine et Yves 67\u00e8me, et Guy et Francine 79\u00e8me.<\/span><\/p>\n<p><strong><span style=\"color: #000000;\">Phase 3 : Pierre qualifi\u00e9 pour Vichy !<\/span><\/strong><\/p>\n<p><span style=\"color: #000000;\">Les r\u00e9sultats des blagnacais <a style=\"color: #000000;\" href=\"http:\/\/blagnac.scrabble-midipy.fr\/?p=219\">ici.<\/a><\/span><\/p>\n<p><span style=\"color: #000000;\"><strong>Phase 2 : Marie-Pierre, Claire et Fabienne qualifi\u00e9es !<\/strong><\/span><\/p>\n<p><span style=\"color: #000000;\">C&rsquo;est un trio de blagnacaises qui pourra donc aller disputer la phase 3 le dimanche 24 janvier 2016, \u00e0 laquelle Pierre entra \u00e9galement en lice. R\u00e9sultats complets de la phase 2 <a style=\"color: #000000;\" href=\"http:\/\/blagnac.scrabble-midipy.fr\/?p=205\">ici<\/a>.<\/span><\/p>\n<p><span style=\"color: #000000;\"><strong>Pierre champion d\u00e9partemental de scrabble classique !<\/strong><\/span><\/p>\n<p><span style=\"color: #000000;\">Le 11 novembre dernier, Pierre a remport\u00e9 ses 8 matches de l&rsquo;open d\u00e9partemental de scrabble classique, et est donc devenu le nouveau champion de Haute-Garonne. Plus d&rsquo;informations <a href=\"http:\/\/cla.scrabblefisf.com\/?page_id=129\" target=\"_blank\" rel=\"noopener\">ici<\/a>.<\/span><\/p>\n<p><span style=\"color: #000000;\"><strong>Phase 1 : 4 blagnacais qualifi\u00e9s !<\/strong><\/span><\/p>\n<p><span style=\"color: #000000;\">Yves, Agn\u00e8s, Sophie et Dolor\u00e8s se sont brillamment sortis de cette premi\u00e8re phase de qualifications du championnat de France duplicate disput\u00e9e le 7 novembre 2015. R\u00e9sultats complets <a href=\"http:\/\/blagnac.scrabble-midipy.fr\/?p=180\">ici<\/a>.<\/span><\/p>\n<p><span style=\"color: #000000;\"><strong>Blagnac repr\u00e9sent\u00e9 aux championnats du monde !<\/strong><\/span><\/p>\n<p><span style=\"color: #000000;\">Qualifi\u00e9s pour l&rsquo;\u00e9preuve de classique au sein de l&rsquo;\u00e9quipe de France, Pierre Nabat et Eric Bourriot se sont rendus \u00e0 Louvain-la-Neuve en juillet dernier. Pierre termine 16\u00e8me apr\u00e8s avoir battu notamment le fameux n\u00e9o-z\u00e9landais Nigel Richards futur champion du monde (photo ci-dessous), et Eric 71\u00e8me. En duplicate, Pierre \u00e9tait \u00e9galement qualifi\u00e9 et obtient une belle place au milieu des s\u00e9ries 2 (130\u00e8me du tournoi). Un compte rendu complet de ces championnats pour tous les midi-pyr\u00e9n\u00e9ens dont nos blagnacais est disponible <a href=\"http:\/\/com.scrabblefisf.com\/?p=449\">ici<\/a>.<\/span><\/p>\n<p><a href=\"http:\/\/blagnac.scrabble-midipy.fr\/wp-content\/uploads\/2015\/01\/IMG_1227.jpeg\"><img loading=\"lazy\" decoding=\"async\" class=\" size-medium wp-image-153 aligncenter\" src=\"http:\/\/blagnac.scrabble-midipy.fr\/wp-content\/uploads\/2015\/01\/IMG_1227-300x224.jpeg\" alt=\"IMG_1227\" width=\"300\" height=\"224\" srcset=\"https:\/\/blagnac.scrabblepaysdoc.fr\/wp-content\/uploads\/2015\/01\/IMG_1227-300x224.jpeg 300w, https:\/\/blagnac.scrabblepaysdoc.fr\/wp-content\/uploads\/2015\/01\/IMG_1227-1024x765.jpeg 1024w, https:\/\/blagnac.scrabblepaysdoc.fr\/wp-content\/uploads\/2015\/01\/IMG_1227-1x1.jpeg 1w\" sizes=\"auto, (max-width: 300px) 100vw, 300px\" \/><\/a><\/p>\n<p><span style=\"color: #000000;\"><strong>Finale des interclubs classique : Blagnac 10\u00e8me !<\/strong> <\/span><\/p>\n<p><span style=\"color: #000000;\">Pour sa premi\u00e8re qualification \u00e0 la finale nationale classique, notre club, champion r\u00e9gional en mars dernier, repr\u00e9sentait donc le comit\u00e9 Midi-Pyr\u00e9n\u00e9es par le biais de M\u00e9lanie Bellus, Eric Bourriot et Pierre Nabat. Apr\u00e8s une premi\u00e8re victoire contre Mainvilliers (2-1, victoires de Pierre et Eric), la route s&rsquo;est compliqu\u00e9e avec deux d\u00e9faites de justesse contre Fruges (1-2, victoire de Pierre, M\u00e9lanie est pass\u00e9e tout pr\u00e8s, \u00e0 seulement 3 points !) et contre Marseille Joker (1-2, victoire de M\u00e9lanie), suivies d&rsquo;une d\u00e9route contre Nancy (0-3). La journ\u00e9e s&rsquo;est termin\u00e9e par une victoire contre X. Au final, Blagnac termine donc 10\u00e8me (sur 11 \u00e9quipes repr\u00e9sent\u00e9es), ce qui permet d\u00e9j\u00e0 de faire mieux que Tournefeuille l&rsquo;ann\u00e9e derni\u00e8re !<\/span><\/p>\n","protected":false},"excerpt":{"rendered":"<p>Bienvenue sur le blog du club de scrabble de Blagnac ! Retrouvez ici toutes les infos concernant la vie du club : calendrier des manifestations, derniers r\u00e9sultats, planning d&rsquo;arbitrage, &#8230; Blagnac joue &#8211; Dimanche 27 mars 2022 Assembl\u00e9e g\u00e9n\u00e9rale le mercredi 6 juin 2018 \u00e0 18h00 Cette ann\u00e9e l&rsquo;assembl\u00e9e g\u00e9n\u00e9rale n&rsquo;aura pas lieu en octobre [&hellip;]<\/p>\n","protected":false},"author":1,"featured_media":0,"parent":0,"menu_order":0,"comment_status":"open","ping_status":"open","template":"","meta":{"footnotes":""},"class_list":["post-2","page","type-page","status-publish","hentry"],"_links":{"self":[{"href":"https:\/\/blagnac.scrabblepaysdoc.fr\/index.php?rest_route=\/wp\/v2\/pages\/2","targetHints":{"allow":["GET"]}}],"collection":[{"href":"https:\/\/blagnac.scrabblepaysdoc.fr\/index.php?rest_route=\/wp\/v2\/pages"}],"about":[{"href":"https:\/\/blagnac.scrabblepaysdoc.fr\/index.php?rest_route=\/wp\/v2\/types\/page"}],"author":[{"embeddable":true,"href":"https:\/\/blagnac.scrabblepaysdoc.fr\/index.php?rest_route=\/wp\/v2\/users\/1"}],"replies":[{"embeddable":true,"href":"https:\/\/blagnac.scrabblepaysdoc.fr\/index.php?rest_route=%2Fwp%2Fv2%2Fcomments&post=2"}],"version-history":[{"count":45,"href":"https:\/\/blagnac.scrabblepaysdoc.fr\/index.php?rest_route=\/wp\/v2\/pages\/2\/revisions"}],"predecessor-version":[{"id":425,"href":"https:\/\/blagnac.scrabblepaysdoc.fr\/index.php?rest_route=\/wp\/v2\/pages\/2\/revisions\/425"}],"wp:attachment":[{"href":"https:\/\/blagnac.scrabblepaysdoc.fr\/index.php?rest_route=%2Fwp%2Fv2%2Fmedia&parent=2"}],"curies":[{"name":"wp","href":"https:\/\/api.w.org\/{rel}","templated":true}]}}